{"id":1765,"date":"2025-03-06T13:31:31","date_gmt":"2025-03-06T12:31:31","guid":{"rendered":"https:\/\/www.naiha.io\/?page_id=1765"},"modified":"2025-11-26T10:01:12","modified_gmt":"2025-11-26T09:01:12","slug":"politica-de-privacidad-2","status":"publish","type":"page","link":"https:\/\/ubikare.top\/en\/politica-de-privacidad-2\/","title":{"rendered":"POL\u00cdTICAS DE PRIVACIDAD"},"content":{"rendered":"<h1 class=\"gb-text gb-text-e6d715fc\">Pol\u00edtica de privacidad<\/h1>\n\n\n\n<h4 class=\"gb-text gb-text-7fb73aaf\"><strong>PRIVACY POLICY<\/strong><\/h4>\n\n\n\n<p class=\"gb-text gb-text-88e6433b\">Any processing of personal information within the scope of activity of UBIKARE ZAINKETAK, S.L. is subject to this Privacy Policy. The purpose of this document is to inform you about the principles under which the organization processes your personal information.<\/p>\n\n\n\n<h5 class=\"gb-text gb-text-9050919a\"><strong>Returns Policy <\/strong><\/h5>\n\n\n\n<p class=\"gb-text gb-text-a9fdc860\">No returns are accepted, as the transactions involve donations.<\/p>\n\n\n\n<h5 class=\"gb-text gb-text-23ff217d\"><strong>Shipping Policy<\/strong><\/h5>\n\n\n\n<p class=\"gb-text gb-text-8231ce66\">There is no shipping policy, as the transactions involve donations.<\/p>\n\n\n\n<h4 class=\"gb-text gb-text-6264abbc\"><strong>BASIC INFORMATION<\/strong><\/h4>\n\n\n\n<p class=\"gb-text gb-text-e2e83d5a\">Data Controller \/ DPO Contact<br>Ubikare Zainketak, S.L., CIF B95843413, registered office: Gran V\u00eda Don Diego L\u00f3pez de Haro, 31, 4\u00ba Izda, 48009 Bilbao (Bizkaia).<br>Jaime Crovetto Posse \/ jcrovetto@aderta.com<\/p>\n\n\n\n<div class=\"gb-element-a0f7e337\">\n<figure class=\"wp-block-table\"><table><tbody><tr><td>Purposes<\/td><td>1.-Users of the Reg Covid 19 software<br>\u2013 Manage use of the software, access, logs, and records of user activity.<br>2.-Health information entered into the Reg Covid 19 software \u2013 Acting as the data processor, provide relevant real-time statistical information to support the fight against the disease.\n3.-Donors to Ubikare\u2019s social initiative .<br>\u2013 Manage voluntary donations received through the website www.nahia.io.\n4.-Web contacts \u2013 Manage information requests received.\n5.-Job applicants \u2013 Incorporate applications received and manage them in recruitment processes.\n6.-Commercial communications \u2013 Send commercial and informative communications.<\/td><\/tr><\/tbody><\/table><\/figure>\n<\/div>\n\n\n\n<p class=\"gb-text gb-text-d95d733c\">Destinatarios Derechos Informaci\u00f3n adicional<\/p>\n\n\n\n<p class=\"gb-text gb-text-5e8fa911\">Data will not be transferred to third parties except where legally required.<br>You may exercise your rights of access, rectification, erasure, and other rights at any time as indicated in the Additional Information.<\/p>\n\n\n\n<p class=\"gb-text gb-text-9a8270e7\">Ubikare has appointed a Data Protection Officer (DPO), responsible, among other duties, for responding to any questions, concerns, complaints, or requests to exercise data protection rights.<br>You may contact the DPO at jcrovetto@aderta.com.<\/p>\n\n\n\n<p class=\"gb-text gb-text-eaee5062\">Below, in the Additional Information section, we provide further details of our Privacy Policy.<\/p>\n\n\n\n<h4 class=\"gb-text gb-text-074a6f53\"><strong>Who is responsible for processing your data?<\/strong><\/h4>\n\n\n\n<div class=\"gb-element-346940e7\">\n<ul class=\"wp-block-list\">\n<li>Data Controller: Ubikare Zainketak, S.L.<\/li>\n\n\n\n<li>Address: Gran V\u00eda Don Diego L\u00f3pez de Haro, 31 \u2013 4\u00ba Izda \u2013 48009 Bilbao (Bizkaia)<\/li>\n\n\n\n<li>\u2013 \u00a0CIF: B95843413<\/li>\n\n\n\n<li>\u2013 \u00a0Email: info@ubikare.top<\/li>\n<\/ul>\n<\/div>\n\n\n\n<p class=\"gb-text gb-text-3424d40e\">Data Protection Officer: Jaime Crovetto Posse \u2013 jcrovetto@aderta.com<\/p>\n\n\n\n<p class=\"gb-text gb-text-a88d651e\">Contacto Delegado de Protecci\u00f3n de Datos: jcrovetto@aderta.com<\/p>\n\n\n\n<h5 class=\"gb-text gb-text-9c0fe8e0\"><strong>What is the purpose of data processing?<\/strong><\/h5>\n\n\n\n<p class=\"gb-text gb-text-ae2dabe5\">UBIKARE will process personal data for the following purposes:  <\/p>\n\n\n\n<div class=\"gb-element-77709a79\">\n<ul class=\"wp-block-list\">\n<li>Data of users of the UBIKARE Reg Covid19 tool. Authorized users of the UBIKARE Reg Covid19 tool must provide their identification data, as well as a username and password. The necessary data processing will be carried out for the management of the use of the software, as well as of access, logs, and records of user activity.<\/li>\n\n\n\n<li>Health information entered into the Reg Covid19 software. In this data processing, UBIKARE acts as the data processor on behalf of the hospitals collaborating with the project. The purpose of the tool is to provide relevant statistical information in real time to assist healthcare professionals in the fight against the disease.<\/li>\n\n\n\n<li>Data of voluntary donors to the UBIKARE social initiative carried out through the website www.nahia.io. The necessary data processing will be carried out for the management of voluntary donations received within the framework of the Nahia project.<\/li>\n\n\n\n<li>Management of web contacts. To manage requests for information regarding the UBIKARE project, which are received through the contact section of the website.<\/li>\n\n\n\n<li>Management of job applications received, which involves incorporating CVs into the job application files, as well as managing them in the company\u2019s recruitment processes.\u00a0<strong>How long will we keep your data?<\/strong>\u00a0UBIKARE will retain personal information for as long as necessary to fulfill the purposes for which it was collected\u2026 to fulfill the purposes for which it was collected and while deletion is not requested and, where applicable, accepted by the data subject. At the end of this period, the information will be blocked and retained in accordance with the legal deadlines established in each case.\u00a0<strong>What is the legal basis for the processing of your data?<\/strong><\/li>\n\n\n\n<li>The processing of data of users of the UBIKARE Reg Covid19 tool is legitimized by the execution of a contract or the provision of a service.<\/li>\n\n\n\n<li>The processing of health information in the Reg Covid19 tool is carried out in its capacity as the Data Processor on behalf of the healthcare center. Where necessary, the explicit consent of the data subject will also be requested.<\/li>\n\n\n\n<li>The processing of data of voluntary donors to the UBIKARE social initiative is legitimized by the execution of a contract or the provision of a service. Where necessary, the explicit consent of the data subject will also be requested.<\/li>\n\n\n\n<li>The processing of data received through the contact section is legitimized by the execution of a contract or the provision of a service. Where necessary, the explicit consent of the data subject will also be requested.<\/li>\n\n\n\n<li>The processing of data for the management of job applications is based on the explicit consent of the data subject.<\/li>\n\n\n\n<li>Compliance with a legal obligation attributable to UBIKARE may also constitute a legal basis for data processing.<\/li>\n\n\n\n<li>The sending of informational communications, news, events, and communications related to the services provided by UBIKARE is supported by legitimate interest insofar as they are aligned with the company\u2019s activity and comply with the requirements established by law regarding legitimate interest.\u00a0<strong>Who will my data be communicated to?<\/strong>\u00a0In application of the current legal framework, or in execution of any of the terms of the client contract, it may be necessary to communicate data to the following entities: public administrations, courts and tribunals, financial and credit institutions, other professionals in the healthcare field. No international transfer is foreseen. If necessary, the data subjects will be informed in advance of the terms of such transfer, as well as the transfer conditions, and in particular whether the entity or country has an adequacy decision by the Commission.\u00a0<strong>What are my rights?<\/strong>\u00a0To exercise your rights, you may contact UBIKARE by writing to the following address: Gran V\u00eda Don Diego L\u00f3pez de Haro, 31 \u2013 4\u00ba Izda. \u2013 48009 Bilbao (Bizkaia), addressed to the Data Protection Officer. If you prefer, you may exercise your rights electronically at: jcrovetto@aderta.com. You may exercise the following rights:<\/li>\n\n\n\n<li>The right of access to your personal data.<\/li>\n\n\n\n<li>In the event that you have given your consent, the right to request its revocation.<\/li>\n\n\n\n<li>The right to request confirmation from UBIKARE as to whether or not your personal data is being processed.<\/li>\n\n\n\n<li>The right to request rectification of information if you consider it includes incorrect or inaccurate data.<\/li>\n\n\n\n<li>The right to request the deletion of information that is no longer necessary for the purposes for which it was collected.<\/li>\n\n\n\n<li>The right to request the restriction of processing of your data.<\/li>\n\n\n\n<li>The right to object to the processing of your data.<\/li>\n\n\n\n<li>The right to request the portability of your data.<\/li>\n\n\n\n<li>You may lodge a complaint with the Spanish Data Protection Agency whenever you consider that UBIKARE has not complied with any of your rights. You may do so at the following link:\nhttps:\/\/sedeagpd.gob.es\/sede-electronica-web\/vistas\/formNuevaReclamacion\/solicitudReclamacion.jsf<br>Last update: 22\/06\/2020\nUBIKARE ZAINKETAK, S.L. All rights reserved.<\/li>\n<\/ul>\n<\/div>","protected":false},"excerpt":{"rendered":"<p>Pol\u00edtica de privacidad POL\u00cdTICA DE PRIVACIDAD UBIKARE Cualquier tratamiento de informaci\u00f3n personal en el \u00e1mbito de actividad de UBIKARE ZAINKETAK, S.L., est\u00e1 sometido a la presente pol\u00edtica de privacidad. El objeto de este &#8230; <\/p>\n<p class=\"read-more-container\"><a title=\"POL\u00cdTICAS DE PRIVACIDAD\" class=\"read-more button\" href=\"https:\/\/ubikare.top\/en\/politica-de-privacidad-2\/#more-1765\" aria-label=\"More on POL\u00cdTICAS DE PRIVACIDAD\">Read more<\/a><\/p>","protected":false},"author":15,"featured_media":0,"parent":0,"menu_order":0,"comment_status":"closed","ping_status":"closed","template":"","meta":{"inline_featured_image":false,"_uag_custom_page_level_css":"","footnotes":""},"class_list":["post-1765","page","type-page","status-publish"],"yoast_head":"<!-- This site is optimized with the Yoast SEO plugin v25.4 - https:\/\/yoast.com\/wordpress\/plugins\/seo\/ -->\n<title>POL\u00cdTICAS DE PRIVACIDAD - Ubikare<\/title>\n<meta name=\"robots\" content=\"index, follow, max-snippet:-1, max-image-preview:large, max-video-preview:-1\" \/>\n<link rel=\"canonical\" href=\"https:\/\/ubikare.top\/en\/politica-de-privacidad-2\/\" \/>\n<meta property=\"og:locale\" content=\"en_US\" \/>\n<meta property=\"og:type\" content=\"article\" \/>\n<meta property=\"og:title\" content=\"POL\u00cdTICAS DE PRIVACIDAD - Ubikare\" \/>\n<meta property=\"og:description\" content=\"Pol\u00edtica de privacidad POL\u00cdTICA DE PRIVACIDAD UBIKARE Cualquier tratamiento de informaci\u00f3n personal en el \u00e1mbito de actividad de UBIKARE ZAINKETAK, S.L., est\u00e1 sometido a la presente pol\u00edtica de privacidad. El objeto de este ... Read more\" \/>\n<meta property=\"og:url\" content=\"https:\/\/ubikare.top\/en\/politica-de-privacidad-2\/\" \/>\n<meta property=\"og:site_name\" content=\"Ubikare\" \/>\n<meta property=\"article:modified_time\" content=\"2025-11-26T09:01:12+00:00\" \/>\n<meta name=\"twitter:card\" content=\"summary_large_image\" \/>\n<meta name=\"twitter:label1\" content=\"Est. reading time\" \/>\n\t<meta name=\"twitter:data1\" content=\"6 minutes\" \/>\n<script type=\"application\/ld+json\" class=\"yoast-schema-graph\">{\"@context\":\"https:\/\/schema.org\",\"@graph\":[{\"@type\":\"WebPage\",\"@id\":\"https:\/\/ubikare.top\/politica-de-privacidad-2\/\",\"url\":\"https:\/\/ubikare.top\/politica-de-privacidad-2\/\",\"name\":\"POL\u00cdTICAS DE PRIVACIDAD - Ubikare\",\"isPartOf\":{\"@id\":\"http:\/\/ubikare.top\/en\/#website\"},\"datePublished\":\"2025-03-06T12:31:31+00:00\",\"dateModified\":\"2025-11-26T09:01:12+00:00\",\"breadcrumb\":{\"@id\":\"https:\/\/ubikare.top\/politica-de-privacidad-2\/#breadcrumb\"},\"inLanguage\":\"en-US\",\"potentialAction\":[{\"@type\":\"ReadAction\",\"target\":[\"https:\/\/ubikare.top\/politica-de-privacidad-2\/\"]}]},{\"@type\":\"BreadcrumbList\",\"@id\":\"https:\/\/ubikare.top\/politica-de-privacidad-2\/#breadcrumb\",\"itemListElement\":[{\"@type\":\"ListItem\",\"position\":1,\"name\":\"Portada\",\"item\":\"https:\/\/ubikare.top\/\"},{\"@type\":\"ListItem\",\"position\":2,\"name\":\"POL\u00cdTICAS DE PRIVACIDAD\"}]},{\"@type\":\"WebSite\",\"@id\":\"http:\/\/ubikare.top\/en\/#website\",\"url\":\"http:\/\/ubikare.top\/en\/\",\"name\":\"Ubikare\",\"description\":\"El Software Sociosanitario para gestores, profesionales, cuidadores y familias\",\"publisher\":{\"@id\":\"http:\/\/ubikare.top\/en\/#organization\"},\"potentialAction\":[{\"@type\":\"SearchAction\",\"target\":{\"@type\":\"EntryPoint\",\"urlTemplate\":\"http:\/\/ubikare.top\/en\/?s={search_term_string}\"},\"query-input\":{\"@type\":\"PropertyValueSpecification\",\"valueRequired\":true,\"valueName\":\"search_term_string\"}}],\"inLanguage\":\"en-US\"},{\"@type\":\"Organization\",\"@id\":\"http:\/\/ubikare.top\/en\/#organization\",\"name\":\"Ubikare\",\"url\":\"http:\/\/ubikare.top\/en\/\",\"logo\":{\"@type\":\"ImageObject\",\"inLanguage\":\"en-US\",\"@id\":\"http:\/\/ubikare.top\/en\/#\/schema\/logo\/image\/\",\"url\":\"https:\/\/ubikare.top\/wp-content\/uploads\/cropped-LOGO-OSCURO-scaled-1.png\",\"contentUrl\":\"https:\/\/ubikare.top\/wp-content\/uploads\/cropped-LOGO-OSCURO-scaled-1.png\",\"width\":2560,\"height\":413,\"caption\":\"Ubikare\"},\"image\":{\"@id\":\"http:\/\/ubikare.top\/en\/#\/schema\/logo\/image\/\"}}]}<\/script>\n<!-- \/ Yoast SEO plugin. -->","yoast_head_json":{"title":"POL\u00cdTICAS DE PRIVACIDAD - Ubikare","robots":{"index":"index","follow":"follow","max-snippet":"max-snippet:-1","max-image-preview":"max-image-preview:large","max-video-preview":"max-video-preview:-1"},"canonical":"https:\/\/ubikare.top\/en\/politica-de-privacidad-2\/","og_locale":"en_US","og_type":"article","og_title":"POL\u00cdTICAS DE PRIVACIDAD - Ubikare","og_description":"Pol\u00edtica de privacidad POL\u00cdTICA DE PRIVACIDAD UBIKARE Cualquier tratamiento de informaci\u00f3n personal en el \u00e1mbito de actividad de UBIKARE ZAINKETAK, S.L., est\u00e1 sometido a la presente pol\u00edtica de privacidad. El objeto de este ... Read more","og_url":"https:\/\/ubikare.top\/en\/politica-de-privacidad-2\/","og_site_name":"Ubikare","article_modified_time":"2025-11-26T09:01:12+00:00","twitter_card":"summary_large_image","twitter_misc":{"Est. reading time":"6 minutes"},"schema":{"@context":"https:\/\/schema.org","@graph":[{"@type":"WebPage","@id":"https:\/\/ubikare.top\/politica-de-privacidad-2\/","url":"https:\/\/ubikare.top\/politica-de-privacidad-2\/","name":"POL\u00cdTICAS DE PRIVACIDAD - Ubikare","isPartOf":{"@id":"http:\/\/ubikare.top\/en\/#website"},"datePublished":"2025-03-06T12:31:31+00:00","dateModified":"2025-11-26T09:01:12+00:00","breadcrumb":{"@id":"https:\/\/ubikare.top\/politica-de-privacidad-2\/#breadcrumb"},"inLanguage":"en-US","potentialAction":[{"@type":"ReadAction","target":["https:\/\/ubikare.top\/politica-de-privacidad-2\/"]}]},{"@type":"BreadcrumbList","@id":"https:\/\/ubikare.top\/politica-de-privacidad-2\/#breadcrumb","itemListElement":[{"@type":"ListItem","position":1,"name":"Portada","item":"https:\/\/ubikare.top\/"},{"@type":"ListItem","position":2,"name":"POL\u00cdTICAS DE PRIVACIDAD"}]},{"@type":"WebSite","@id":"http:\/\/ubikare.top\/en\/#website","url":"http:\/\/ubikare.top\/en\/","name":"Ubikare","description":"El Software Sociosanitario para gestores, profesionales, cuidadores y familias","publisher":{"@id":"http:\/\/ubikare.top\/en\/#organization"},"potentialAction":[{"@type":"SearchAction","target":{"@type":"EntryPoint","urlTemplate":"http:\/\/ubikare.top\/en\/?s={search_term_string}"},"query-input":{"@type":"PropertyValueSpecification","valueRequired":true,"valueName":"search_term_string"}}],"inLanguage":"en-US"},{"@type":"Organization","@id":"http:\/\/ubikare.top\/en\/#organization","name":"Ubikare","url":"http:\/\/ubikare.top\/en\/","logo":{"@type":"ImageObject","inLanguage":"en-US","@id":"http:\/\/ubikare.top\/en\/#\/schema\/logo\/image\/","url":"https:\/\/ubikare.top\/wp-content\/uploads\/cropped-LOGO-OSCURO-scaled-1.png","contentUrl":"https:\/\/ubikare.top\/wp-content\/uploads\/cropped-LOGO-OSCURO-scaled-1.png","width":2560,"height":413,"caption":"Ubikare"},"image":{"@id":"http:\/\/ubikare.top\/en\/#\/schema\/logo\/image\/"}}]}},"uagb_featured_image_src":{"full":false,"thumbnail":false,"medium":false,"medium_large":false,"large":false,"1536x1536":false,"2048x2048":false,"trp-custom-language-flag":false},"uagb_author_info":{"display_name":"Maria Arrojo","author_link":"https:\/\/ubikare.top\/en\/blog\/author\/marrojo\/"},"uagb_comment_info":0,"uagb_excerpt":"Pol\u00edtica de privacidad POL\u00cdTICA DE PRIVACIDAD UBIKARE Cualquier tratamiento de informaci\u00f3n personal en el \u00e1mbito de actividad de UBIKARE ZAINKETAK, S.L., est\u00e1 sometido a la presente pol\u00edtica de privacidad. El objeto de este ... Read more","_links":{"self":[{"href":"https:\/\/ubikare.top\/en\/wp-json\/wp\/v2\/pages\/1765","targetHints":{"allow":["GET"]}}],"collection":[{"href":"https:\/\/ubikare.top\/en\/wp-json\/wp\/v2\/pages"}],"about":[{"href":"https:\/\/ubikare.top\/en\/wp-json\/wp\/v2\/types\/page"}],"author":[{"embeddable":true,"href":"https:\/\/ubikare.top\/en\/wp-json\/wp\/v2\/users\/15"}],"replies":[{"embeddable":true,"href":"https:\/\/ubikare.top\/en\/wp-json\/wp\/v2\/comments?post=1765"}],"version-history":[{"count":0,"href":"https:\/\/ubikare.top\/en\/wp-json\/wp\/v2\/pages\/1765\/revisions"}],"wp:attachment":[{"href":"https:\/\/ubikare.top\/en\/wp-json\/wp\/v2\/media?parent=1765"}],"curies":[{"name":"wp","href":"https:\/\/api.w.org\/{rel}","templated":true}]}}