{"id":1795,"date":"2023-01-31T13:32:05","date_gmt":"2023-01-31T12:32:05","guid":{"rendered":"https:\/\/ubikare.top\/?page_id=1795"},"modified":"2025-11-26T09:58:48","modified_gmt":"2025-11-26T08:58:48","slug":"politica-cookies","status":"publish","type":"page","link":"https:\/\/ubikare.top\/en\/politica-cookies\/","title":{"rendered":"POL\u00cdTICA DE COOKIES"},"content":{"rendered":"<div class=\"gb-container gb-container-495f60d0\"><div class=\"gb-inside-container\">\n<h2 class=\"gb-headline gb-headline-a2389188 gb-headline-text\">POL\u00cdTICA DE COOKIES<\/h2>\n\n\n<p>A cookie is a file that is downloaded onto your computer when you access certain websites. Cookies allow a website, among other things, to store and retrieve information about a user\u2019s browsing habits or those of their device and, depending on the information contained and the way the device is used, they may be used to recognize the user.<\/p>\n\n\n\n<p>Cookies are essential for the proper functioning of the Internet, offering numerous advantages in the provision of interactive services, facilitating navigation and enhancing the usability of our website.<\/p>\n\n\n\n<p>The information below will help you better understand the different types of cookies used:<em>&nbsp;<\/em><\/p>\n\n\n\n<figure class=\"wp-block-table\"><table><tbody><tr><th colspan=\"3\">Types of Cookies<\/th><\/tr><tr><td rowspan=\"2\">According to the entity that manages them<\/td><td>First-party cookies<\/td><td>Collected by the website publisher itself to provide the service requested by the user.<\/td><\/tr><tr><td>Third-party cookies<\/td><td>Collected and managed by a third party, and therefore cannot be considered first-party cookies.<\/td><\/tr><tr><td rowspan=\"2\">According to the length of time they remain active<\/td><td>Session cookies<\/td><td>Collect data while the user is browsing the website for the purpose of providing the requested service.<\/td><\/tr><tr><td>Persistent cookies<\/td><td>Stored on the user\u2019s device; the information obtained will be used by the cookie manager to provide the requested service.<\/td><\/tr><tr><td rowspan=\"5\">According to their purpose<\/td><td>Technical cookies<\/td><td>Necessary for the proper functioning and navigation of the website.<\/td><\/tr><tr><td>Customization cookies<\/td><td>Allow the user to set preferences (e.g., language) for navigating the website.<\/td><\/tr><tr><td>Analytics cookies<\/td><td>Allow the provider to analyze users\u2019 browsing activity, track website usage, and compile statistics on the most visited content, number of visitors, etc.<\/td><\/tr><tr><td>Advertising cookies<\/td><td>Enable the publisher to include advertising spaces on the website, based on its content.<\/td><\/tr><tr><td>Behavioral advertising cookies<\/td><td>Enable the publisher to include advertising spaces on the website, based on information obtained from the user\u2019s browsing habits.<\/td><\/tr><\/tbody><\/table><\/figure>\n\n\n\n<p>In accordance with Article 22.2 of Law 34\/2002, of July 11, on Information Society Services and Electronic Commerce (LSSI-CE), Ubikare informs you of the cookies used on this Website:<\/p>\n\n\n\n<figure class=\"wp-block-table\"><table><tbody><tr><td colspan=\"2\" rowspan=\"2\"><\/td><th colspan=\"4\">Types of Cookies<\/th><\/tr><tr><td>First-party cookies<\/td><td>Cookies de tercero<\/td><td>Session cookies<\/td><td>Persistent cookies<\/td><\/tr><tr><th rowspan=\"5\">Purpose<\/th><td>Technical cookies<\/td><td>X<\/td><td><\/td><td><\/td><td>X<\/td><\/tr><tr><td>Customization cookies<\/td><td>X<\/td><td><\/td><td><\/td><td>X<\/td><\/tr><tr><td>Analytics cookies<\/td><td><\/td><td>X<\/td><td>X<\/td><td>X<\/td><\/tr><tr><td>Advertising cookies<\/td><td><\/td><td><\/td><td><\/td><td><\/td><\/tr><tr><td>Behavioral advertising cookies<\/td><td><\/td><td><\/td><td><\/td><td><\/td><\/tr><\/tbody><\/table><\/figure>\n\n\n\n<p>You can disable the use of cookies at any time through your browser settings, allowing you to block, restrict, disable, or delete cookie storage. However, please note that if you change your cookie settings, the service provided through the Website may be partially or fully affected.<\/p>\n\n\n\n<p>You can also configure your browser to notify you when cookies are received, giving you the option to prevent them from being installed on your hard drive.<\/p>\n\n\n\n<p>Below are links to guides on how to manage cookies in the most common browsers:<\/p>\n\n\n\n<ul class=\"wp-block-list\">\n<li>Firefox <a href=\"http:\/\/support.mozilla.org\/es\/kb\/habilitar-y-deshabilitar-cookies-que-los-sitios-we\" target=\"_blank\" rel=\"noopener noreferrer\">here.<\/a>.<\/li>\n\n\n\n<li>Chrome <a href=\"http:\/\/support.google.com\/chrome\/bin\/answer.py?hl=es&amp;answer=9564\" target=\"_blank\" rel=\"noopener noreferrer\">here.<\/a>.<\/li>\n\n\n\n<li>Internet Explorer <a href=\"http:\/\/windows.microsoft.com\/es-es\/internet-explorer\/delete-manage-cookies#ie=ie-10\" target=\"_blank\" rel=\"noopener noreferrer\">here.<\/a>.<\/li>\n\n\n\n<li>Safari <a href=\"https:\/\/support.apple.com\/kb\/ph17191?locale=es_E\" target=\"_blank\" rel=\"noopener noreferrer\">here.<\/a>.<\/li>\n\n\n\n<li>Opera <a href=\"http:\/\/help.opera.com\/Windows\/11.50\/es-ES\/cookies.html\" target=\"_blank\" rel=\"noopener noreferrer\">here.<\/a>.<\/li>\n<\/ul>\n\n\n\n<p><strong>Use of Google Analytics Cookies<\/strong><\/p>\n\n\n\n<p><strong>Analytics<\/strong><br>We use Google Analytics cookies to anonymously measure website usage and improve your user experience.<\/p>\n\n\n\n<p><strong>Google Analytics:<\/strong>:Stores cookies in order to compile statistics on traffic and visitor volume to this Website. By using this Website, you consent to the processing of your data by Google. Therefore, to exercise any rights related to Google Analytics cookies, you must contact Google directly.<\/p>\n\n\n\n<p>Google Analytics cookies are stored on servers located in the United States, and Google commits not to share them with third parties except when necessary for system operation or when required by law. According to Google, your IP address is not stored.<\/p>\n\n\n\n<p>Google Inc. is a company adhered to the \u201cPrivacy Shield\u201d framework, which guarantees that all transferred data will be treated with a level of protection in line with European regulations.<\/p>\n\n\n\n<p>For further details, you can consult the following link:\n https:\/\/support.google.com\/analytics\/answer\/6004245<\/p>\n\n\n\n<p>If you wish, you can use the Google Analytics Opt-out Browser Add-on, which provides instructions on how to reject analytics cookies in all browsers.<\/p>\n\n\n\n<p>More information is available here: <a href=\"https:\/\/tools.google.com\/dlpage\/gaoptout\">https:\/\/tools.google.com\/dlpage\/gaoptout<\/a><\/p>\n\n<\/div><\/div>","protected":false},"excerpt":{"rendered":"<p>POL\u00cdTICA DE COOKIES Una Cookie es un fichero que se descarga en tu ordenador al acceder a determinadas p\u00e1ginas web. Las cookies permiten a una p\u00e1gina web, entre otras cosas, almacenar y recuperar &#8230; <\/p>\n<p class=\"read-more-container\"><a title=\"POL\u00cdTICA DE COOKIES\" class=\"read-more button\" href=\"https:\/\/ubikare.top\/en\/politica-cookies\/#more-1795\" aria-label=\"More on POL\u00cdTICA DE COOKIES\">Read more<\/a><\/p>","protected":false},"author":7,"featured_media":0,"parent":0,"menu_order":0,"comment_status":"closed","ping_status":"closed","template":"","meta":{"inline_featured_image":false,"_uag_custom_page_level_css":"","footnotes":""},"class_list":["post-1795","page","type-page","status-publish"],"yoast_head":"<!-- This site is optimized with the Yoast SEO plugin v25.4 - https:\/\/yoast.com\/wordpress\/plugins\/seo\/ -->\n<title>POL\u00cdTICA DE COOKIES - Ubikare<\/title>\n<meta name=\"robots\" content=\"index, follow, max-snippet:-1, max-image-preview:large, max-video-preview:-1\" \/>\n<link rel=\"canonical\" href=\"https:\/\/ubikare.top\/en\/politica-cookies\/\" \/>\n<meta property=\"og:locale\" content=\"en_US\" \/>\n<meta property=\"og:type\" content=\"article\" \/>\n<meta property=\"og:title\" content=\"POL\u00cdTICA DE COOKIES - Ubikare\" \/>\n<meta property=\"og:description\" content=\"POL\u00cdTICA DE COOKIES Una Cookie es un fichero que se descarga en tu ordenador al acceder a determinadas p\u00e1ginas web. Las cookies permiten a una p\u00e1gina web, entre otras cosas, almacenar y recuperar ... Read more\" \/>\n<meta property=\"og:url\" content=\"https:\/\/ubikare.top\/en\/politica-cookies\/\" \/>\n<meta property=\"og:site_name\" content=\"Ubikare\" \/>\n<meta property=\"article:modified_time\" content=\"2025-11-26T08:58:48+00:00\" \/>\n<meta name=\"twitter:card\" content=\"summary_large_image\" \/>\n<meta name=\"twitter:label1\" content=\"Est. reading time\" \/>\n\t<meta name=\"twitter:data1\" content=\"4 minutes\" \/>\n<script type=\"application\/ld+json\" class=\"yoast-schema-graph\">{\"@context\":\"https:\/\/schema.org\",\"@graph\":[{\"@type\":\"WebPage\",\"@id\":\"https:\/\/ubikare.top\/politica-cookies\/\",\"url\":\"https:\/\/ubikare.top\/politica-cookies\/\",\"name\":\"POL\u00cdTICA DE COOKIES - Ubikare\",\"isPartOf\":{\"@id\":\"http:\/\/ubikare.top\/en\/#website\"},\"datePublished\":\"2023-01-31T12:32:05+00:00\",\"dateModified\":\"2025-11-26T08:58:48+00:00\",\"breadcrumb\":{\"@id\":\"https:\/\/ubikare.top\/politica-cookies\/#breadcrumb\"},\"inLanguage\":\"en-US\",\"potentialAction\":[{\"@type\":\"ReadAction\",\"target\":[\"https:\/\/ubikare.top\/politica-cookies\/\"]}]},{\"@type\":\"BreadcrumbList\",\"@id\":\"https:\/\/ubikare.top\/politica-cookies\/#breadcrumb\",\"itemListElement\":[{\"@type\":\"ListItem\",\"position\":1,\"name\":\"Portada\",\"item\":\"https:\/\/ubikare.top\/\"},{\"@type\":\"ListItem\",\"position\":2,\"name\":\"POL\u00cdTICA DE COOKIES\"}]},{\"@type\":\"WebSite\",\"@id\":\"http:\/\/ubikare.top\/en\/#website\",\"url\":\"http:\/\/ubikare.top\/en\/\",\"name\":\"Ubikare\",\"description\":\"El Software Sociosanitario para gestores, profesionales, cuidadores y familias\",\"publisher\":{\"@id\":\"http:\/\/ubikare.top\/en\/#organization\"},\"potentialAction\":[{\"@type\":\"SearchAction\",\"target\":{\"@type\":\"EntryPoint\",\"urlTemplate\":\"http:\/\/ubikare.top\/en\/?s={search_term_string}\"},\"query-input\":{\"@type\":\"PropertyValueSpecification\",\"valueRequired\":true,\"valueName\":\"search_term_string\"}}],\"inLanguage\":\"en-US\"},{\"@type\":\"Organization\",\"@id\":\"http:\/\/ubikare.top\/en\/#organization\",\"name\":\"Ubikare\",\"url\":\"http:\/\/ubikare.top\/en\/\",\"logo\":{\"@type\":\"ImageObject\",\"inLanguage\":\"en-US\",\"@id\":\"http:\/\/ubikare.top\/en\/#\/schema\/logo\/image\/\",\"url\":\"https:\/\/ubikare.top\/wp-content\/uploads\/cropped-LOGO-OSCURO-scaled-1.png\",\"contentUrl\":\"https:\/\/ubikare.top\/wp-content\/uploads\/cropped-LOGO-OSCURO-scaled-1.png\",\"width\":2560,\"height\":413,\"caption\":\"Ubikare\"},\"image\":{\"@id\":\"http:\/\/ubikare.top\/en\/#\/schema\/logo\/image\/\"}}]}<\/script>\n<!-- \/ Yoast SEO plugin. -->","yoast_head_json":{"title":"POL\u00cdTICA DE COOKIES - Ubikare","robots":{"index":"index","follow":"follow","max-snippet":"max-snippet:-1","max-image-preview":"max-image-preview:large","max-video-preview":"max-video-preview:-1"},"canonical":"https:\/\/ubikare.top\/en\/politica-cookies\/","og_locale":"en_US","og_type":"article","og_title":"POL\u00cdTICA DE COOKIES - Ubikare","og_description":"POL\u00cdTICA DE COOKIES Una Cookie es un fichero que se descarga en tu ordenador al acceder a determinadas p\u00e1ginas web. Las cookies permiten a una p\u00e1gina web, entre otras cosas, almacenar y recuperar ... Read more","og_url":"https:\/\/ubikare.top\/en\/politica-cookies\/","og_site_name":"Ubikare","article_modified_time":"2025-11-26T08:58:48+00:00","twitter_card":"summary_large_image","twitter_misc":{"Est. reading time":"4 minutes"},"schema":{"@context":"https:\/\/schema.org","@graph":[{"@type":"WebPage","@id":"https:\/\/ubikare.top\/politica-cookies\/","url":"https:\/\/ubikare.top\/politica-cookies\/","name":"POL\u00cdTICA DE COOKIES - Ubikare","isPartOf":{"@id":"http:\/\/ubikare.top\/en\/#website"},"datePublished":"2023-01-31T12:32:05+00:00","dateModified":"2025-11-26T08:58:48+00:00","breadcrumb":{"@id":"https:\/\/ubikare.top\/politica-cookies\/#breadcrumb"},"inLanguage":"en-US","potentialAction":[{"@type":"ReadAction","target":["https:\/\/ubikare.top\/politica-cookies\/"]}]},{"@type":"BreadcrumbList","@id":"https:\/\/ubikare.top\/politica-cookies\/#breadcrumb","itemListElement":[{"@type":"ListItem","position":1,"name":"Portada","item":"https:\/\/ubikare.top\/"},{"@type":"ListItem","position":2,"name":"POL\u00cdTICA DE COOKIES"}]},{"@type":"WebSite","@id":"http:\/\/ubikare.top\/en\/#website","url":"http:\/\/ubikare.top\/en\/","name":"Ubikare","description":"El Software Sociosanitario para gestores, profesionales, cuidadores y familias","publisher":{"@id":"http:\/\/ubikare.top\/en\/#organization"},"potentialAction":[{"@type":"SearchAction","target":{"@type":"EntryPoint","urlTemplate":"http:\/\/ubikare.top\/en\/?s={search_term_string}"},"query-input":{"@type":"PropertyValueSpecification","valueRequired":true,"valueName":"search_term_string"}}],"inLanguage":"en-US"},{"@type":"Organization","@id":"http:\/\/ubikare.top\/en\/#organization","name":"Ubikare","url":"http:\/\/ubikare.top\/en\/","logo":{"@type":"ImageObject","inLanguage":"en-US","@id":"http:\/\/ubikare.top\/en\/#\/schema\/logo\/image\/","url":"https:\/\/ubikare.top\/wp-content\/uploads\/cropped-LOGO-OSCURO-scaled-1.png","contentUrl":"https:\/\/ubikare.top\/wp-content\/uploads\/cropped-LOGO-OSCURO-scaled-1.png","width":2560,"height":413,"caption":"Ubikare"},"image":{"@id":"http:\/\/ubikare.top\/en\/#\/schema\/logo\/image\/"}}]}},"uagb_featured_image_src":{"full":false,"thumbnail":false,"medium":false,"medium_large":false,"large":false,"1536x1536":false,"2048x2048":false,"trp-custom-language-flag":false},"uagb_author_info":{"display_name":"Egoitz Arruti Monasterio","author_link":"https:\/\/ubikare.top\/en\/blog\/author\/earruti\/"},"uagb_comment_info":0,"uagb_excerpt":"POL\u00cdTICA DE COOKIES Una Cookie es un fichero que se descarga en tu ordenador al acceder a determinadas p\u00e1ginas web. Las cookies permiten a una p\u00e1gina web, entre otras cosas, almacenar y recuperar ... Read more","_links":{"self":[{"href":"https:\/\/ubikare.top\/en\/wp-json\/wp\/v2\/pages\/1795","targetHints":{"allow":["GET"]}}],"collection":[{"href":"https:\/\/ubikare.top\/en\/wp-json\/wp\/v2\/pages"}],"about":[{"href":"https:\/\/ubikare.top\/en\/wp-json\/wp\/v2\/types\/page"}],"author":[{"embeddable":true,"href":"https:\/\/ubikare.top\/en\/wp-json\/wp\/v2\/users\/7"}],"replies":[{"embeddable":true,"href":"https:\/\/ubikare.top\/en\/wp-json\/wp\/v2\/comments?post=1795"}],"version-history":[{"count":0,"href":"https:\/\/ubikare.top\/en\/wp-json\/wp\/v2\/pages\/1795\/revisions"}],"wp:attachment":[{"href":"https:\/\/ubikare.top\/en\/wp-json\/wp\/v2\/media?parent=1795"}],"curies":[{"name":"wp","href":"https:\/\/api.w.org\/{rel}","templated":true}]}}