{"id":4006,"date":"2025-09-05T16:35:51","date_gmt":"2025-09-05T14:35:51","guid":{"rendered":"https:\/\/ubikare.top\/?page_id=4006"},"modified":"2025-11-26T09:59:35","modified_gmt":"2025-11-26T08:59:35","slug":"politica-de-gestion","status":"publish","type":"page","link":"https:\/\/ubikare.top\/en\/politica-de-gestion\/","title":{"rendered":"POL\u00cdTICAS DE GESTI\u00d3N"},"content":{"rendered":"<h2 class=\"gb-text gb-text-f467ffc0\">Pol\u00edtica de gesti\u00f3n<\/h2>\n\n\n\n<p class=\"gb-text gb-text-80ed8855\">UBIKARE ZAINKETAK S.L. has an integrated quality and environmental management system, implemented in accordance with the requirements of the UNE EN ISO 9001 and UNE EN ISO 14001 standards, in their current versions.<\/p>\n\n\n\n<p class=\"gb-text gb-text-93b3392d\">The company\u2019s commitment to environmental and quality management is a key objective in the implementation, development, and monitoring of processes. Management establishes this policy and is committed to meeting customer requirements, as well as eliminating or minimizing the environmental impacts associated with the company\u2019s activities. Within this framework, the following principles are established:<\/p>\n\n\n\n<p class=\"gb-text gb-text-8fc371c7\">Our commitment to meeting customer requirements, as well as all legal and regulatory requirements applicable to our activities, and other associated requirements.<\/p>\n\n\n\n<div class=\"gb-element-346940e7\">\n<ul class=\"wp-block-list\">\n<li>Our commitment to meeting customer requirements, as well as all legal and regulatory requirements applicable to our activities, and other associated requirements.<\/li>\n\n\n\n<li>Our commitment to preventing pollution and minimizing the environmental impacts that may be generated by our activities.<\/li>\n\n\n\n<li>To establish and review quality and environmental objectives and goals, as well as provide the necessary resources to achieve them, in order to create and maintain effective mechanisms for continuous improvement.<\/li>\n\n\n\n<li>To involve company staff and, where applicable, subcontractors, in the quality and environmental management system, providing the necessary training and information to correctly perform all tasks.<\/li>\n\n\n\n<li>To involve our suppliers and subcontractors in customer satisfaction and continuous improvement, informing them of the needs of our company\u2019s processes and supporting them in their compliance.<\/li>\n\n\n\n<li>To improve internal and external communication channels to achieve optimal performance in our activities.<\/li>\n\n\n\n<li>To carry out our activities with appropriate consideration for safety, fire prevention, and the control of material damage.<\/li>\n\n\n\n<li>The organization periodically conducts internal audits to verify that its management system, including this policy, is suitable and effective for its needs.<\/li>\n\n\n\n<li>The proper development of the implemented management system requires the collaboration and participation of all levels, for which information, communication, and training are essential.<\/li>\n\n\n\n<li>The management system is integrated into the organization\u2019s operations, periodically verified, and corrective actions or improvements are established as necessary.<\/li>\n<\/ul>\n<\/div>\n\n\n\n<p class=\"gb-text gb-text-6198d16d\">This policy is communicated to all company staff to ensure compliance. It is also available to interested parties upon request.<\/p>\n\n\n\n<p class=\"gb-text gb-text-fb006cfa\">An annual review will be conducted.<\/p>","protected":false},"excerpt":{"rendered":"<p>Pol\u00edtica de gesti\u00f3n UBIKARE ZAINKETAK S.L. dispone de un sistema integrado de gesti\u00f3n de calidad y medio ambiente, implantado seg\u00fan los requisitos exigidos en las normas UNE EN ISO 9001 y UNE EN &#8230; <\/p>\n<p class=\"read-more-container\"><a title=\"POL\u00cdTICAS DE GESTI\u00d3N\" class=\"read-more button\" href=\"https:\/\/ubikare.top\/en\/politica-de-gestion\/#more-4006\" aria-label=\"More on POL\u00cdTICAS DE GESTI\u00d3N\">Read more<\/a><\/p>","protected":false},"author":19,"featured_media":0,"parent":0,"menu_order":0,"comment_status":"closed","ping_status":"closed","template":"","meta":{"inline_featured_image":false,"_uag_custom_page_level_css":"","footnotes":""},"class_list":["post-4006","page","type-page","status-publish"],"yoast_head":"<!-- This site is optimized with the Yoast SEO plugin v25.4 - https:\/\/yoast.com\/wordpress\/plugins\/seo\/ -->\n<title>POL\u00cdTICAS DE GESTI\u00d3N - Ubikare<\/title>\n<meta name=\"robots\" content=\"index, follow, max-snippet:-1, max-image-preview:large, max-video-preview:-1\" \/>\n<link rel=\"canonical\" href=\"https:\/\/ubikare.top\/en\/politica-de-gestion\/\" \/>\n<meta property=\"og:locale\" content=\"en_US\" \/>\n<meta property=\"og:type\" content=\"article\" \/>\n<meta property=\"og:title\" content=\"POL\u00cdTICAS DE GESTI\u00d3N - Ubikare\" \/>\n<meta property=\"og:description\" content=\"Pol\u00edtica de gesti\u00f3n UBIKARE ZAINKETAK S.L. dispone de un sistema integrado de gesti\u00f3n de calidad y medio ambiente, implantado seg\u00fan los requisitos exigidos en las normas UNE EN ISO 9001 y UNE EN ... Read more\" \/>\n<meta property=\"og:url\" content=\"https:\/\/ubikare.top\/en\/politica-de-gestion\/\" \/>\n<meta property=\"og:site_name\" content=\"Ubikare\" \/>\n<meta property=\"article:modified_time\" content=\"2025-11-26T08:59:35+00:00\" \/>\n<meta name=\"twitter:card\" content=\"summary_large_image\" \/>\n<meta name=\"twitter:label1\" content=\"Est. reading time\" \/>\n\t<meta name=\"twitter:data1\" content=\"3 minutes\" \/>\n<script type=\"application\/ld+json\" class=\"yoast-schema-graph\">{\"@context\":\"https:\/\/schema.org\",\"@graph\":[{\"@type\":\"WebPage\",\"@id\":\"https:\/\/ubikare.top\/politica-de-gestion\/\",\"url\":\"https:\/\/ubikare.top\/politica-de-gestion\/\",\"name\":\"POL\u00cdTICAS DE GESTI\u00d3N - Ubikare\",\"isPartOf\":{\"@id\":\"http:\/\/ubikare.top\/en\/#website\"},\"datePublished\":\"2025-09-05T14:35:51+00:00\",\"dateModified\":\"2025-11-26T08:59:35+00:00\",\"breadcrumb\":{\"@id\":\"https:\/\/ubikare.top\/politica-de-gestion\/#breadcrumb\"},\"inLanguage\":\"en-US\",\"potentialAction\":[{\"@type\":\"ReadAction\",\"target\":[\"https:\/\/ubikare.top\/politica-de-gestion\/\"]}]},{\"@type\":\"BreadcrumbList\",\"@id\":\"https:\/\/ubikare.top\/politica-de-gestion\/#breadcrumb\",\"itemListElement\":[{\"@type\":\"ListItem\",\"position\":1,\"name\":\"Portada\",\"item\":\"https:\/\/ubikare.top\/\"},{\"@type\":\"ListItem\",\"position\":2,\"name\":\"POL\u00cdTICAS DE GESTI\u00d3N\"}]},{\"@type\":\"WebSite\",\"@id\":\"http:\/\/ubikare.top\/en\/#website\",\"url\":\"http:\/\/ubikare.top\/en\/\",\"name\":\"Ubikare\",\"description\":\"El Software Sociosanitario para gestores, profesionales, cuidadores y familias\",\"publisher\":{\"@id\":\"http:\/\/ubikare.top\/en\/#organization\"},\"potentialAction\":[{\"@type\":\"SearchAction\",\"target\":{\"@type\":\"EntryPoint\",\"urlTemplate\":\"http:\/\/ubikare.top\/en\/?s={search_term_string}\"},\"query-input\":{\"@type\":\"PropertyValueSpecification\",\"valueRequired\":true,\"valueName\":\"search_term_string\"}}],\"inLanguage\":\"en-US\"},{\"@type\":\"Organization\",\"@id\":\"http:\/\/ubikare.top\/en\/#organization\",\"name\":\"Ubikare\",\"url\":\"http:\/\/ubikare.top\/en\/\",\"logo\":{\"@type\":\"ImageObject\",\"inLanguage\":\"en-US\",\"@id\":\"http:\/\/ubikare.top\/en\/#\/schema\/logo\/image\/\",\"url\":\"https:\/\/ubikare.top\/wp-content\/uploads\/cropped-LOGO-OSCURO-scaled-1.png\",\"contentUrl\":\"https:\/\/ubikare.top\/wp-content\/uploads\/cropped-LOGO-OSCURO-scaled-1.png\",\"width\":2560,\"height\":413,\"caption\":\"Ubikare\"},\"image\":{\"@id\":\"http:\/\/ubikare.top\/en\/#\/schema\/logo\/image\/\"}}]}<\/script>\n<!-- \/ Yoast SEO plugin. -->","yoast_head_json":{"title":"POL\u00cdTICAS DE GESTI\u00d3N - Ubikare","robots":{"index":"index","follow":"follow","max-snippet":"max-snippet:-1","max-image-preview":"max-image-preview:large","max-video-preview":"max-video-preview:-1"},"canonical":"https:\/\/ubikare.top\/en\/politica-de-gestion\/","og_locale":"en_US","og_type":"article","og_title":"POL\u00cdTICAS DE GESTI\u00d3N - Ubikare","og_description":"Pol\u00edtica de gesti\u00f3n UBIKARE ZAINKETAK S.L. dispone de un sistema integrado de gesti\u00f3n de calidad y medio ambiente, implantado seg\u00fan los requisitos exigidos en las normas UNE EN ISO 9001 y UNE EN ... Read more","og_url":"https:\/\/ubikare.top\/en\/politica-de-gestion\/","og_site_name":"Ubikare","article_modified_time":"2025-11-26T08:59:35+00:00","twitter_card":"summary_large_image","twitter_misc":{"Est. reading time":"3 minutes"},"schema":{"@context":"https:\/\/schema.org","@graph":[{"@type":"WebPage","@id":"https:\/\/ubikare.top\/politica-de-gestion\/","url":"https:\/\/ubikare.top\/politica-de-gestion\/","name":"POL\u00cdTICAS DE GESTI\u00d3N - Ubikare","isPartOf":{"@id":"http:\/\/ubikare.top\/en\/#website"},"datePublished":"2025-09-05T14:35:51+00:00","dateModified":"2025-11-26T08:59:35+00:00","breadcrumb":{"@id":"https:\/\/ubikare.top\/politica-de-gestion\/#breadcrumb"},"inLanguage":"en-US","potentialAction":[{"@type":"ReadAction","target":["https:\/\/ubikare.top\/politica-de-gestion\/"]}]},{"@type":"BreadcrumbList","@id":"https:\/\/ubikare.top\/politica-de-gestion\/#breadcrumb","itemListElement":[{"@type":"ListItem","position":1,"name":"Portada","item":"https:\/\/ubikare.top\/"},{"@type":"ListItem","position":2,"name":"POL\u00cdTICAS DE GESTI\u00d3N"}]},{"@type":"WebSite","@id":"http:\/\/ubikare.top\/en\/#website","url":"http:\/\/ubikare.top\/en\/","name":"Ubikare","description":"El Software Sociosanitario para gestores, profesionales, cuidadores y familias","publisher":{"@id":"http:\/\/ubikare.top\/en\/#organization"},"potentialAction":[{"@type":"SearchAction","target":{"@type":"EntryPoint","urlTemplate":"http:\/\/ubikare.top\/en\/?s={search_term_string}"},"query-input":{"@type":"PropertyValueSpecification","valueRequired":true,"valueName":"search_term_string"}}],"inLanguage":"en-US"},{"@type":"Organization","@id":"http:\/\/ubikare.top\/en\/#organization","name":"Ubikare","url":"http:\/\/ubikare.top\/en\/","logo":{"@type":"ImageObject","inLanguage":"en-US","@id":"http:\/\/ubikare.top\/en\/#\/schema\/logo\/image\/","url":"https:\/\/ubikare.top\/wp-content\/uploads\/cropped-LOGO-OSCURO-scaled-1.png","contentUrl":"https:\/\/ubikare.top\/wp-content\/uploads\/cropped-LOGO-OSCURO-scaled-1.png","width":2560,"height":413,"caption":"Ubikare"},"image":{"@id":"http:\/\/ubikare.top\/en\/#\/schema\/logo\/image\/"}}]}},"uagb_featured_image_src":{"full":false,"thumbnail":false,"medium":false,"medium_large":false,"large":false,"1536x1536":false,"2048x2048":false,"trp-custom-language-flag":false},"uagb_author_info":{"display_name":"Nerea Dorronsoro","author_link":"https:\/\/ubikare.top\/en\/blog\/author\/nerea\/"},"uagb_comment_info":0,"uagb_excerpt":"Pol\u00edtica de gesti\u00f3n UBIKARE ZAINKETAK S.L. dispone de un sistema integrado de gesti\u00f3n de calidad y medio ambiente, implantado seg\u00fan los requisitos exigidos en las normas UNE EN ISO 9001 y UNE EN ... Read more","_links":{"self":[{"href":"https:\/\/ubikare.top\/en\/wp-json\/wp\/v2\/pages\/4006","targetHints":{"allow":["GET"]}}],"collection":[{"href":"https:\/\/ubikare.top\/en\/wp-json\/wp\/v2\/pages"}],"about":[{"href":"https:\/\/ubikare.top\/en\/wp-json\/wp\/v2\/types\/page"}],"author":[{"embeddable":true,"href":"https:\/\/ubikare.top\/en\/wp-json\/wp\/v2\/users\/19"}],"replies":[{"embeddable":true,"href":"https:\/\/ubikare.top\/en\/wp-json\/wp\/v2\/comments?post=4006"}],"version-history":[{"count":0,"href":"https:\/\/ubikare.top\/en\/wp-json\/wp\/v2\/pages\/4006\/revisions"}],"wp:attachment":[{"href":"https:\/\/ubikare.top\/en\/wp-json\/wp\/v2\/media?parent=4006"}],"curies":[{"name":"wp","href":"https:\/\/api.w.org\/{rel}","templated":true}]}}