{"id":4208,"date":"2025-11-18T16:47:46","date_gmt":"2025-11-18T15:47:46","guid":{"rendered":"https:\/\/ubikare.top\/?page_id=4208"},"modified":"2026-05-06T08:42:39","modified_gmt":"2026-05-06T06:42:39","slug":"actualidad","status":"publish","type":"page","link":"https:\/\/ubikare.top\/en\/actualidad\/","title":{"rendered":"ACTUALIDAD"},"content":{"rendered":"<script>\ndocument.addEventListener(\"DOMContentLoaded\", function () {\n    const targetSelector = \"img.header-image\";\n    const newLogo = \"https:\/\/ubikare.top\/wp-content\/uploads\/LOGO-UBIKARE-BLANCO.png\";\n\n    function updateLogo() {\n        const img = document.querySelector(targetSelector);\n        if (img && img.src !== newLogo) {\n            img.src = newLogo;\nimg.srcset = newLogo;\n        }\n    }\n\n    updateLogo(); \/\/ Initial call\n    \/\/ Observe DOM changes and reapply logo if needed\n    const observer = new MutationObserver(updateLogo);\n    observer.observe(document.body, {\n        childList: true,\n        subtree: true,\n    });\n});\n<\/script>\n\n\n\n<div class=\"wp-block-cover alignfull\"><img loading=\"lazy\" decoding=\"async\" width=\"1447\" height=\"408\" class=\"wp-block-cover__image-background wp-image-4234 size-full\" alt=\"\" src=\"https:\/\/ubikare.top\/wp-content\/uploads\/imagen-portada-actualidad.png\" data-object-fit=\"cover\" srcset=\"https:\/\/ubikare.top\/wp-content\/uploads\/imagen-portada-actualidad.png 1447w, https:\/\/ubikare.top\/wp-content\/uploads\/imagen-portada-actualidad-300x85.png 300w, https:\/\/ubikare.top\/wp-content\/uploads\/imagen-portada-actualidad-1024x289.png 1024w, https:\/\/ubikare.top\/wp-content\/uploads\/imagen-portada-actualidad-768x217.png 768w, https:\/\/ubikare.top\/wp-content\/uploads\/imagen-portada-actualidad-18x5.png 18w\" sizes=\"auto, (max-width: 1447px) 100vw, 1447px\" \/><span aria-hidden=\"true\" class=\"wp-block-cover__background has-background-dim-0 has-background-dim\"><\/span><div class=\"wp-block-cover__inner-container is-layout-constrained wp-block-cover-is-layout-constrained\"><div class=\"gb-container gb-container-74d142fd\">\n\n<h1 class=\"wp-block-heading has-text-align-left has-large-font-size\"><strong>Actualidad<\/strong><\/h1>\n\n<\/div><\/div><\/div>\n\n\n<div class=\"gb-container gb-container-e40ce3e2\">\n\n\t\t\t<div class=\"wp-block-uagb-post-grid uagb-post-grid  uagb-post__image-position-top uagb-post__image-enabled uagb-block-94d9de57     uagb-post__items uagb-post__columns-3 is-grid uagb-post__columns-tablet-2 uagb-post__columns-mobile-1 uagb-post__equal-height uagb-equal_height_inline-read-more-buttons\" data-total=\"2\" style=\"\">\n\n\t\t\t\t\t\t\t\t\t\t\t\t<article class=\"uagb-post__inner-wrap\">\t\t\t\t\t\t\t\t<div class='uagb-post__image'>\n\t\t\t\t\t\t\t\t\t<a href=\"https:\/\/ubikare.top\/en\/blog\/2025\/11\/11\/estuvimos-en-el-iii-congreso-de-economia-plateada-llevando-la-innovacion-a-la-atencion-de-las-personas-mayores\/\" target=\"_self\" rel=\"bookmark noopener noreferrer\" class='uagb-image-ratio-2-3'><img loading=\"lazy\" decoding=\"async\" width=\"1024\" height=\"768\" src=\"https:\/\/ubikare.top\/wp-content\/uploads\/Foto-mesa-Salud-Congreso-Economia-Plateada-2-plano-grande-1024x768.jpg\" class=\"attachment-large size-large\" alt=\"\" srcset=\"https:\/\/ubikare.top\/wp-content\/uploads\/Foto-mesa-Salud-Congreso-Economia-Plateada-2-plano-grande-1024x768.jpg 1024w, https:\/\/ubikare.top\/wp-content\/uploads\/Foto-mesa-Salud-Congreso-Economia-Plateada-2-plano-grande-300x225.jpg 300w, https:\/\/ubikare.top\/wp-content\/uploads\/Foto-mesa-Salud-Congreso-Economia-Plateada-2-plano-grande-768x576.jpg 768w, https:\/\/ubikare.top\/wp-content\/uploads\/Foto-mesa-Salud-Congreso-Economia-Plateada-2-plano-grande-16x12.jpg 16w, https:\/\/ubikare.top\/wp-content\/uploads\/Foto-mesa-Salud-Congreso-Economia-Plateada-2-plano-grande.jpg 1280w\" sizes=\"auto, (max-width: 1024px) 100vw, 1024px\" \/>\t\t\t\t\t<\/a>\n\t\t\t\t\t\t\t<\/div>\n\t\t\t\t\t\t<h4 class=\"uagb-post__title uagb-post__text\">\n\t\t\t\t<a href=\"https:\/\/ubikare.top\/en\/blog\/2025\/11\/11\/estuvimos-en-el-iii-congreso-de-economia-plateada-llevando-la-innovacion-a-la-atencion-de-las-personas-mayores\/\" target=\"_self\" rel=\"bookmark noopener noreferrer\">Estuvimos en el III Congreso de Econom\u00eda Plateada: llevando la innovaci\u00f3n a la atenci\u00f3n de las personas mayores<\/a>\n\t\t\t<\/h4>\n\t\t\t\t\t\t<div class='uagb-post__text uagb-post-grid-byline'>\n\t\t\t\t\t\t\t\t<span class=\"uagb-post__author\">\n\t\t\t\t<span class=\"dashicons-admin-users dashicons\"><\/span>\t\t\t\t\t<a href=\"https:\/\/ubikare.top\/en\/blog\/author\/marrojo\/\" title=\"Posts by Maria Arrojo\" rel=\"author\">Maria Arrojo<\/a>\t\t\t\t<\/span>\n\t\t\t\t\t\t\t<time datetime=\"2025-11-11T16:51:30+01:00\" class=\"uagb-post__date\">\n\t\t\t\t<span class=\"dashicons-calendar dashicons\"><\/span>\t\t\t\t\tNovember 11, 2025\t\t\t\t<\/time>\n\t\t\t\t\t\t<\/div>\n\t\t\t\t\t\t\t<div class='uagb-post__text uagb-post__excerpt'>\n\t\t\t\t\t<p>Noviembre 2025. En Ubikare creemos que la tecnolog\u00eda debe poner a la persona en el centro, y por eso participamos&#8230;\t\t\t\t<\/div>\n\t\t\t\t\t\t<div class=\"uagb-post__text uagb-post__cta wp-block-button\">\n\t\t\t\t<a class=\"wp-block-button__link uagb-text-link\" style=\"\" href=\"https:\/\/ubikare.top\/en\/blog\/2025\/11\/11\/estuvimos-en-el-iii-congreso-de-economia-plateada-llevando-la-innovacion-a-la-atencion-de-las-personas-mayores\/\" target=\"_self\" rel=\"bookmark noopener noreferrer\">Read More<\/a>\n\t\t\t<\/div>\n\t\t\t\n\t\t\t\t\t\t\t\t\t<\/article>\n\t\t\t\t\t\t\t\t\t\t\t\t\t\t\t\t<article class=\"uagb-post__inner-wrap\">\t\t\t\t\t\t\t\t<div class='uagb-post__image'>\n\t\t\t\t\t\t\t\t\t<a href=\"https:\/\/ubikare.top\/en\/blog\/2025\/10\/13\/ubikare-en-biospain-2025-conectando-innovacion-pacientes-y-tecnologia\/\" target=\"_self\" rel=\"bookmark noopener noreferrer\" class='uagb-image-ratio-2-3'><img loading=\"lazy\" decoding=\"async\" width=\"1024\" height=\"744\" src=\"https:\/\/ubikare.top\/wp-content\/uploads\/20251007_153614-e1767886502300-1024x744.jpg\" class=\"attachment-large size-large\" alt=\"\" srcset=\"https:\/\/ubikare.top\/wp-content\/uploads\/20251007_153614-e1767886502300-1024x744.jpg 1024w, https:\/\/ubikare.top\/wp-content\/uploads\/20251007_153614-e1767886502300-300x218.jpg 300w, https:\/\/ubikare.top\/wp-content\/uploads\/20251007_153614-e1767886502300-768x558.jpg 768w, https:\/\/ubikare.top\/wp-content\/uploads\/20251007_153614-e1767886502300-1536x1116.jpg 1536w, https:\/\/ubikare.top\/wp-content\/uploads\/20251007_153614-e1767886502300-2048x1489.jpg 2048w, https:\/\/ubikare.top\/wp-content\/uploads\/20251007_153614-e1767886502300-18x12.jpg 18w\" sizes=\"auto, (max-width: 1024px) 100vw, 1024px\" \/>\t\t\t\t\t<\/a>\n\t\t\t\t\t\t\t<\/div>\n\t\t\t\t\t\t<h4 class=\"uagb-post__title uagb-post__text\">\n\t\t\t\t<a href=\"https:\/\/ubikare.top\/en\/blog\/2025\/10\/13\/ubikare-en-biospain-2025-conectando-innovacion-pacientes-y-tecnologia\/\" target=\"_self\" rel=\"bookmark noopener noreferrer\">Ubikare en BIOSPAIN 2025: conectando innovaci\u00f3n, pacientes y tecnolog\u00eda<\/a>\n\t\t\t<\/h4>\n\t\t\t\t\t\t<div class='uagb-post__text uagb-post-grid-byline'>\n\t\t\t\t\t\t\t\t<span class=\"uagb-post__author\">\n\t\t\t\t<span class=\"dashicons-admin-users dashicons\"><\/span>\t\t\t\t\t<a href=\"https:\/\/ubikare.top\/en\/blog\/author\/marrojo\/\" title=\"Posts by Maria Arrojo\" rel=\"author\">Maria Arrojo<\/a>\t\t\t\t<\/span>\n\t\t\t\t\t\t\t<time datetime=\"2025-10-13T16:29:31+02:00\" class=\"uagb-post__date\">\n\t\t\t\t<span class=\"dashicons-calendar dashicons\"><\/span>\t\t\t\t\tOctober 13, 2025\t\t\t\t<\/time>\n\t\t\t\t\t\t<\/div>\n\t\t\t\t\t\t\t<div class='uagb-post__text uagb-post__excerpt'>\n\t\t\t\t\t<p>Octubre 2025. En octubre de 2025, Ubikare estuvo presente en BIOSPAIN, uno de los congresos biotecnol\u00f3gicos m\u00e1s importantes de Europa,&#8230;\t\t\t\t<\/div>\n\t\t\t\t\t\t<div class=\"uagb-post__text uagb-post__cta wp-block-button\">\n\t\t\t\t<a class=\"wp-block-button__link uagb-text-link\" style=\"\" href=\"https:\/\/ubikare.top\/en\/blog\/2025\/10\/13\/ubikare-en-biospain-2025-conectando-innovacion-pacientes-y-tecnologia\/\" target=\"_self\" rel=\"bookmark noopener noreferrer\">Read More<\/a>\n\t\t\t<\/div>\n\t\t\t\n\t\t\t\t\t\t\t\t\t<\/article>\n\t\t\t\t\t\t\t\t\t\t\t\t\t\t\t\t<article class=\"uagb-post__inner-wrap\">\t\t\t\t\t\t\t\t<div class='uagb-post__image'>\n\t\t\t\t\t\t\t\t\t<a href=\"https:\/\/ubikare.top\/en\/blog\/2025\/08\/11\/las-terapias-digitales-innovacion-accesible-para-todas-las-personas\/\" target=\"_self\" rel=\"bookmark noopener noreferrer\" class='uagb-image-ratio-2-3'><img loading=\"lazy\" decoding=\"async\" width=\"1000\" height=\"700\" src=\"https:\/\/ubikare.top\/wp-content\/uploads\/foto-juan-carlos-universidad-jc.png\" class=\"attachment-large size-large\" alt=\"\" srcset=\"https:\/\/ubikare.top\/wp-content\/uploads\/foto-juan-carlos-universidad-jc.png 1000w, https:\/\/ubikare.top\/wp-content\/uploads\/foto-juan-carlos-universidad-jc-300x210.png 300w, https:\/\/ubikare.top\/wp-content\/uploads\/foto-juan-carlos-universidad-jc-768x538.png 768w, https:\/\/ubikare.top\/wp-content\/uploads\/foto-juan-carlos-universidad-jc-18x12.png 18w\" sizes=\"auto, (max-width: 1000px) 100vw, 1000px\" \/>\t\t\t\t\t<\/a>\n\t\t\t\t\t\t\t<\/div>\n\t\t\t\t\t\t<h4 class=\"uagb-post__title uagb-post__text\">\n\t\t\t\t<a href=\"https:\/\/ubikare.top\/en\/blog\/2025\/08\/11\/las-terapias-digitales-innovacion-accesible-para-todas-las-personas\/\" target=\"_self\" rel=\"bookmark noopener noreferrer\">Las Terapias Digitales: innovaci\u00f3n accesible para todas las personas<\/a>\n\t\t\t<\/h4>\n\t\t\t\t\t\t<div class='uagb-post__text uagb-post-grid-byline'>\n\t\t\t\t\t\t\t\t<span class=\"uagb-post__author\">\n\t\t\t\t<span class=\"dashicons-admin-users dashicons\"><\/span>\t\t\t\t\t<a href=\"https:\/\/ubikare.top\/en\/blog\/author\/marrojo\/\" title=\"Posts by Maria Arrojo\" rel=\"author\">Maria Arrojo<\/a>\t\t\t\t<\/span>\n\t\t\t\t\t\t\t<time datetime=\"2025-08-11T13:06:21+02:00\" class=\"uagb-post__date\">\n\t\t\t\t<span class=\"dashicons-calendar dashicons\"><\/span>\t\t\t\t\tAugust 11, 2025\t\t\t\t<\/time>\n\t\t\t\t\t\t<\/div>\n\t\t\t\t\t\t\t<div class='uagb-post__text uagb-post__excerpt'>\n\t\t\t\t\t<p>Agosto 2025. En Ubikare creemos firmemente en una idea esencial para el presente y el futuro de la salud digital:&#8230;\t\t\t\t<\/div>\n\t\t\t\t\t\t<div class=\"uagb-post__text uagb-post__cta wp-block-button\">\n\t\t\t\t<a class=\"wp-block-button__link uagb-text-link\" style=\"\" href=\"https:\/\/ubikare.top\/en\/blog\/2025\/08\/11\/las-terapias-digitales-innovacion-accesible-para-todas-las-personas\/\" target=\"_self\" rel=\"bookmark noopener noreferrer\">Read More<\/a>\n\t\t\t<\/div>\n\t\t\t\n\t\t\t\t\t\t\t\t\t<\/article>\n\t\t\t\t\t\t\t\t\t\t\t\t\t\t\t\t<article class=\"uagb-post__inner-wrap\">\t\t\t\t\t\t\t\t<div class='uagb-post__image'>\n\t\t\t\t\t\t\t\t\t<a href=\"https:\/\/ubikare.top\/en\/blog\/2025\/08\/04\/la-verdadera-inteligencia-en-la-ia-para-salud-reflexion-de-nuestro-ceo-en-new-medical-economics\/\" target=\"_self\" rel=\"bookmark noopener noreferrer\" class='uagb-image-ratio-2-3'><img loading=\"lazy\" decoding=\"async\" width=\"756\" height=\"688\" src=\"https:\/\/ubikare.top\/wp-content\/uploads\/08d95acd-d220-423c-9e3c-262267417646.png\" class=\"attachment-large size-large\" alt=\"\" srcset=\"https:\/\/ubikare.top\/wp-content\/uploads\/08d95acd-d220-423c-9e3c-262267417646.png 756w, https:\/\/ubikare.top\/wp-content\/uploads\/08d95acd-d220-423c-9e3c-262267417646-300x273.png 300w\" sizes=\"auto, (max-width: 756px) 100vw, 756px\" \/>\t\t\t\t\t<\/a>\n\t\t\t\t\t\t\t<\/div>\n\t\t\t\t\t\t<h4 class=\"uagb-post__title uagb-post__text\">\n\t\t\t\t<a href=\"https:\/\/ubikare.top\/en\/blog\/2025\/08\/04\/la-verdadera-inteligencia-en-la-ia-para-salud-reflexion-de-nuestro-ceo-en-new-medical-economics\/\" target=\"_self\" rel=\"bookmark noopener noreferrer\">La verdadera inteligencia en la IA para salud: reflexi\u00f3n de nuestro CEO en New Medical Economics<\/a>\n\t\t\t<\/h4>\n\t\t\t\t\t\t<div class='uagb-post__text uagb-post-grid-byline'>\n\t\t\t\t\t\t\t\t<span class=\"uagb-post__author\">\n\t\t\t\t<span class=\"dashicons-admin-users dashicons\"><\/span>\t\t\t\t\t<a href=\"https:\/\/ubikare.top\/en\/blog\/author\/marrojo\/\" title=\"Posts by Maria Arrojo\" rel=\"author\">Maria Arrojo<\/a>\t\t\t\t<\/span>\n\t\t\t\t\t\t\t<time datetime=\"2025-08-04T13:49:03+02:00\" class=\"uagb-post__date\">\n\t\t\t\t<span class=\"dashicons-calendar dashicons\"><\/span>\t\t\t\t\tAugust 4, 2025\t\t\t\t<\/time>\n\t\t\t\t\t\t<\/div>\n\t\t\t\t\t\t\t<div class='uagb-post__text uagb-post__excerpt'>\n\t\t\t\t\t<p>En Ubikare queremos compartir un hito reciente que refleja nuestro enfoque hacia la inteligencia artificial aplicada a la salud. Nuestro&#8230;\t\t\t\t<\/div>\n\t\t\t\t\t\t<div class=\"uagb-post__text uagb-post__cta wp-block-button\">\n\t\t\t\t<a class=\"wp-block-button__link uagb-text-link\" style=\"\" href=\"https:\/\/ubikare.top\/en\/blog\/2025\/08\/04\/la-verdadera-inteligencia-en-la-ia-para-salud-reflexion-de-nuestro-ceo-en-new-medical-economics\/\" target=\"_self\" rel=\"bookmark noopener noreferrer\">Read More<\/a>\n\t\t\t<\/div>\n\t\t\t\n\t\t\t\t\t\t\t\t\t<\/article>\n\t\t\t\t\t\t\t\t\t\t\t\t\t\t\t\t<article class=\"uagb-post__inner-wrap\">\t\t\t\t\t\t\t\t<div class='uagb-post__image'>\n\t\t\t\t\t\t\t\t\t<a href=\"https:\/\/ubikare.top\/en\/blog\/2025\/07\/14\/ubikare-se-adhiere-al-pacto-mundial-de-la-onu-innovacion-sanitaria-con-etica-sostenibilidad-y-futuro\/\" target=\"_self\" rel=\"bookmark noopener noreferrer\" class='uagb-image-ratio-2-3'><img loading=\"lazy\" decoding=\"async\" width=\"1024\" height=\"576\" src=\"https:\/\/ubikare.top\/wp-content\/uploads\/ods-1-1024x576.png\" class=\"attachment-large size-large\" alt=\"\" srcset=\"https:\/\/ubikare.top\/wp-content\/uploads\/ods-1-1024x576.png 1024w, https:\/\/ubikare.top\/wp-content\/uploads\/ods-1-300x169.png 300w, https:\/\/ubikare.top\/wp-content\/uploads\/ods-1-768x432.png 768w, https:\/\/ubikare.top\/wp-content\/uploads\/ods-1-1536x864.png 1536w, https:\/\/ubikare.top\/wp-content\/uploads\/ods-1-18x10.png 18w, https:\/\/ubikare.top\/wp-content\/uploads\/ods-1.png 1919w\" sizes=\"auto, (max-width: 1024px) 100vw, 1024px\" \/>\t\t\t\t\t<\/a>\n\t\t\t\t\t\t\t<\/div>\n\t\t\t\t\t\t<h4 class=\"uagb-post__title uagb-post__text\">\n\t\t\t\t<a href=\"https:\/\/ubikare.top\/en\/blog\/2025\/07\/14\/ubikare-se-adhiere-al-pacto-mundial-de-la-onu-innovacion-sanitaria-con-etica-sostenibilidad-y-futuro\/\" target=\"_self\" rel=\"bookmark noopener noreferrer\">Ubikare se adhiere al Pacto Mundial de la ONU: innovaci\u00f3n sanitaria con \u00e9tica, sostenibilidad y futuro<\/a>\n\t\t\t<\/h4>\n\t\t\t\t\t\t<div class='uagb-post__text uagb-post-grid-byline'>\n\t\t\t\t\t\t\t\t<span class=\"uagb-post__author\">\n\t\t\t\t<span class=\"dashicons-admin-users dashicons\"><\/span>\t\t\t\t\t<a href=\"https:\/\/ubikare.top\/en\/blog\/author\/marrojo\/\" title=\"Posts by Maria Arrojo\" rel=\"author\">Maria Arrojo<\/a>\t\t\t\t<\/span>\n\t\t\t\t\t\t\t<time datetime=\"2025-07-14T12:38:51+02:00\" class=\"uagb-post__date\">\n\t\t\t\t<span class=\"dashicons-calendar dashicons\"><\/span>\t\t\t\t\tJuly 14, 2025\t\t\t\t<\/time>\n\t\t\t\t\t\t<\/div>\n\t\t\t\t\t\t\t<div class='uagb-post__text uagb-post__excerpt'>\n\t\t\t\t\t<p>Julio 2025. En Ubikare creemos que la innovaci\u00f3n tiene sentido solo cuando se alinea con un prop\u00f3sito m\u00e1s grande: mejorar&#8230;\t\t\t\t<\/div>\n\t\t\t\t\t\t<div class=\"uagb-post__text uagb-post__cta wp-block-button\">\n\t\t\t\t<a class=\"wp-block-button__link uagb-text-link\" style=\"\" href=\"https:\/\/ubikare.top\/en\/blog\/2025\/07\/14\/ubikare-se-adhiere-al-pacto-mundial-de-la-onu-innovacion-sanitaria-con-etica-sostenibilidad-y-futuro\/\" target=\"_self\" rel=\"bookmark noopener noreferrer\">Read More<\/a>\n\t\t\t<\/div>\n\t\t\t\n\t\t\t\t\t\t\t\t\t<\/article>\n\t\t\t\t\t\t\t\t\t\t\t\t\t\t\t\t<article class=\"uagb-post__inner-wrap\">\t\t\t\t\t\t\t\t<div class='uagb-post__image'>\n\t\t\t\t\t\t\t\t\t<a href=\"https:\/\/ubikare.top\/en\/blog\/2025\/07\/04\/ubikare-en-el-foro-innova-red-salud-innovacion-que-conecta-gestion-clinica-y-futuro-digital\/\" target=\"_self\" rel=\"bookmark noopener noreferrer\" class='uagb-image-ratio-2-3'><img loading=\"lazy\" decoding=\"async\" width=\"1024\" height=\"768\" src=\"https:\/\/ubikare.top\/wp-content\/uploads\/foto-grupo-Innova-red-Salud-2025-Zaragoza-e1764847089698-1024x768.jpg\" class=\"attachment-large size-large\" alt=\"\" srcset=\"https:\/\/ubikare.top\/wp-content\/uploads\/foto-grupo-Innova-red-Salud-2025-Zaragoza-e1764847089698-1024x768.jpg 1024w, https:\/\/ubikare.top\/wp-content\/uploads\/foto-grupo-Innova-red-Salud-2025-Zaragoza-e1764847089698-300x225.jpg 300w, https:\/\/ubikare.top\/wp-content\/uploads\/foto-grupo-Innova-red-Salud-2025-Zaragoza-e1764847089698-768x576.jpg 768w, https:\/\/ubikare.top\/wp-content\/uploads\/foto-grupo-Innova-red-Salud-2025-Zaragoza-e1764847089698-1536x1152.jpg 1536w, https:\/\/ubikare.top\/wp-content\/uploads\/foto-grupo-Innova-red-Salud-2025-Zaragoza-e1764847089698-16x12.jpg 16w, https:\/\/ubikare.top\/wp-content\/uploads\/foto-grupo-Innova-red-Salud-2025-Zaragoza-e1764847089698.jpg 1600w\" sizes=\"auto, (max-width: 1024px) 100vw, 1024px\" \/>\t\t\t\t\t<\/a>\n\t\t\t\t\t\t\t<\/div>\n\t\t\t\t\t\t<h4 class=\"uagb-post__title uagb-post__text\">\n\t\t\t\t<a href=\"https:\/\/ubikare.top\/en\/blog\/2025\/07\/04\/ubikare-en-el-foro-innova-red-salud-innovacion-que-conecta-gestion-clinica-y-futuro-digital\/\" target=\"_self\" rel=\"bookmark noopener noreferrer\">Ubikare en el Foro INNOVA Red Salud: innovaci\u00f3n que conecta gesti\u00f3n, cl\u00ednica y futuro digital<\/a>\n\t\t\t<\/h4>\n\t\t\t\t\t\t<div class='uagb-post__text uagb-post-grid-byline'>\n\t\t\t\t\t\t\t\t<span class=\"uagb-post__author\">\n\t\t\t\t<span class=\"dashicons-admin-users dashicons\"><\/span>\t\t\t\t\t<a href=\"https:\/\/ubikare.top\/en\/blog\/author\/marrojo\/\" title=\"Posts by Maria Arrojo\" rel=\"author\">Maria Arrojo<\/a>\t\t\t\t<\/span>\n\t\t\t\t\t\t\t<time datetime=\"2025-07-04T12:18:42+02:00\" class=\"uagb-post__date\">\n\t\t\t\t<span class=\"dashicons-calendar dashicons\"><\/span>\t\t\t\t\tJuly 4, 2025\t\t\t\t<\/time>\n\t\t\t\t\t\t<\/div>\n\t\t\t\t\t\t\t<div class='uagb-post__text uagb-post__excerpt'>\n\t\t\t\t\t<p>Julio 2025. Conectando gesti\u00f3n e innovaci\u00f3n desde las necesidades reales del sistema sanitario. Este ha sido el objetivo del Foro&#8230;\t\t\t\t<\/div>\n\t\t\t\t\t\t<div class=\"uagb-post__text uagb-post__cta wp-block-button\">\n\t\t\t\t<a class=\"wp-block-button__link uagb-text-link\" style=\"\" href=\"https:\/\/ubikare.top\/en\/blog\/2025\/07\/04\/ubikare-en-el-foro-innova-red-salud-innovacion-que-conecta-gestion-clinica-y-futuro-digital\/\" target=\"_self\" rel=\"bookmark noopener noreferrer\">Read More<\/a>\n\t\t\t<\/div>\n\t\t\t\n\t\t\t\t\t\t\t\t\t<\/article>\n\t\t\t\t\t\t\t\t\t\t\t\t\t<div class=\"uagb-post-pagination-wrap\">\n\t\t\t\t\t\t<span aria-current=\"page\" class=\"page-numbers current\">1<\/span>\n<a class=\"page-numbers\" href=\"https:\/\/ubikare.top\/en\/wp-json\/wp\/v2\/pages\/4208\/page\/2\/\">2<\/a>\n<a class=\"next page-numbers\" href=\"https:\/\/ubikare.top\/en\/wp-json\/wp\/v2\/pages\/4208\/page\/2\/\">Next \u00bb<\/a>\t\t\t\t\t<\/div>\n\t\t\t\t\t\t\t\t<\/div>\n\t\t\t\n<\/div>","protected":false},"excerpt":{"rendered":"","protected":false},"author":15,"featured_media":0,"parent":0,"menu_order":0,"comment_status":"closed","ping_status":"closed","template":"","meta":{"inline_featured_image":false,"_uag_custom_page_level_css":"","footnotes":""},"class_list":["post-4208","page","type-page","status-publish"],"yoast_head":"<!-- This site is optimized with the Yoast SEO plugin v25.4 - https:\/\/yoast.com\/wordpress\/plugins\/seo\/ -->\n<title>ACTUALIDAD - Ubikare<\/title>\n<meta name=\"robots\" content=\"index, follow, max-snippet:-1, max-image-preview:large, max-video-preview:-1\" \/>\n<link rel=\"canonical\" href=\"https:\/\/ubikare.top\/en\/actualidad\/\" \/>\n<meta property=\"og:locale\" content=\"en_US\" \/>\n<meta property=\"og:type\" content=\"article\" \/>\n<meta property=\"og:title\" content=\"ACTUALIDAD - Ubikare\" \/>\n<meta property=\"og:url\" content=\"https:\/\/ubikare.top\/en\/actualidad\/\" \/>\n<meta property=\"og:site_name\" content=\"Ubikare\" \/>\n<meta property=\"article:modified_time\" content=\"2026-05-06T06:42:39+00:00\" \/>\n<meta property=\"og:image\" content=\"https:\/\/ubikare.top\/wp-content\/uploads\/imagen-portada-actualidad.png\" \/>\n\t<meta property=\"og:image:width\" content=\"1447\" \/>\n\t<meta property=\"og:image:height\" content=\"408\" \/>\n\t<meta property=\"og:image:type\" content=\"image\/png\" \/>\n<meta name=\"twitter:card\" content=\"summary_large_image\" \/>\n<meta name=\"twitter:label1\" content=\"Est. reading time\" \/>\n\t<meta name=\"twitter:data1\" content=\"1 minute\" \/>\n<script type=\"application\/ld+json\" class=\"yoast-schema-graph\">{\"@context\":\"https:\/\/schema.org\",\"@graph\":[{\"@type\":\"WebPage\",\"@id\":\"https:\/\/ubikare.top\/actualidad\/\",\"url\":\"https:\/\/ubikare.top\/actualidad\/\",\"name\":\"ACTUALIDAD - Ubikare\",\"isPartOf\":{\"@id\":\"http:\/\/ubikare.top\/en\/#website\"},\"primaryImageOfPage\":{\"@id\":\"https:\/\/ubikare.top\/actualidad\/#primaryimage\"},\"image\":{\"@id\":\"https:\/\/ubikare.top\/actualidad\/#primaryimage\"},\"thumbnailUrl\":\"https:\/\/ubikare.top\/wp-content\/uploads\/imagen-portada-actualidad.png\",\"datePublished\":\"2025-11-18T15:47:46+00:00\",\"dateModified\":\"2026-05-06T06:42:39+00:00\",\"breadcrumb\":{\"@id\":\"https:\/\/ubikare.top\/actualidad\/#breadcrumb\"},\"inLanguage\":\"en-US\",\"potentialAction\":[{\"@type\":\"ReadAction\",\"target\":[\"https:\/\/ubikare.top\/actualidad\/\"]}]},{\"@type\":\"ImageObject\",\"inLanguage\":\"en-US\",\"@id\":\"https:\/\/ubikare.top\/actualidad\/#primaryimage\",\"url\":\"https:\/\/ubikare.top\/wp-content\/uploads\/imagen-portada-actualidad.png\",\"contentUrl\":\"https:\/\/ubikare.top\/wp-content\/uploads\/imagen-portada-actualidad.png\"},{\"@type\":\"BreadcrumbList\",\"@id\":\"https:\/\/ubikare.top\/actualidad\/#breadcrumb\",\"itemListElement\":[{\"@type\":\"ListItem\",\"position\":1,\"name\":\"Portada\",\"item\":\"https:\/\/ubikare.top\/\"},{\"@type\":\"ListItem\",\"position\":2,\"name\":\"ACTUALIDAD\"}]},{\"@type\":\"WebSite\",\"@id\":\"http:\/\/ubikare.top\/en\/#website\",\"url\":\"http:\/\/ubikare.top\/en\/\",\"name\":\"Ubikare\",\"description\":\"El Software Sociosanitario para gestores, profesionales, cuidadores y familias\",\"publisher\":{\"@id\":\"http:\/\/ubikare.top\/en\/#organization\"},\"potentialAction\":[{\"@type\":\"SearchAction\",\"target\":{\"@type\":\"EntryPoint\",\"urlTemplate\":\"http:\/\/ubikare.top\/en\/?s={search_term_string}\"},\"query-input\":{\"@type\":\"PropertyValueSpecification\",\"valueRequired\":true,\"valueName\":\"search_term_string\"}}],\"inLanguage\":\"en-US\"},{\"@type\":\"Organization\",\"@id\":\"http:\/\/ubikare.top\/en\/#organization\",\"name\":\"Ubikare\",\"url\":\"http:\/\/ubikare.top\/en\/\",\"logo\":{\"@type\":\"ImageObject\",\"inLanguage\":\"en-US\",\"@id\":\"http:\/\/ubikare.top\/en\/#\/schema\/logo\/image\/\",\"url\":\"https:\/\/ubikare.top\/wp-content\/uploads\/cropped-LOGO-OSCURO-scaled-1.png\",\"contentUrl\":\"https:\/\/ubikare.top\/wp-content\/uploads\/cropped-LOGO-OSCURO-scaled-1.png\",\"width\":2560,\"height\":413,\"caption\":\"Ubikare\"},\"image\":{\"@id\":\"http:\/\/ubikare.top\/en\/#\/schema\/logo\/image\/\"}}]}<\/script>\n<!-- \/ Yoast SEO plugin. -->","yoast_head_json":{"title":"ACTUALIDAD - Ubikare","robots":{"index":"index","follow":"follow","max-snippet":"max-snippet:-1","max-image-preview":"max-image-preview:large","max-video-preview":"max-video-preview:-1"},"canonical":"https:\/\/ubikare.top\/en\/actualidad\/","og_locale":"en_US","og_type":"article","og_title":"ACTUALIDAD - Ubikare","og_url":"https:\/\/ubikare.top\/en\/actualidad\/","og_site_name":"Ubikare","article_modified_time":"2026-05-06T06:42:39+00:00","og_image":[{"width":1447,"height":408,"url":"https:\/\/ubikare.top\/wp-content\/uploads\/imagen-portada-actualidad.png","type":"image\/png"}],"twitter_card":"summary_large_image","twitter_misc":{"Est. reading time":"1 minute"},"schema":{"@context":"https:\/\/schema.org","@graph":[{"@type":"WebPage","@id":"https:\/\/ubikare.top\/actualidad\/","url":"https:\/\/ubikare.top\/actualidad\/","name":"ACTUALIDAD - Ubikare","isPartOf":{"@id":"http:\/\/ubikare.top\/en\/#website"},"primaryImageOfPage":{"@id":"https:\/\/ubikare.top\/actualidad\/#primaryimage"},"image":{"@id":"https:\/\/ubikare.top\/actualidad\/#primaryimage"},"thumbnailUrl":"https:\/\/ubikare.top\/wp-content\/uploads\/imagen-portada-actualidad.png","datePublished":"2025-11-18T15:47:46+00:00","dateModified":"2026-05-06T06:42:39+00:00","breadcrumb":{"@id":"https:\/\/ubikare.top\/actualidad\/#breadcrumb"},"inLanguage":"en-US","potentialAction":[{"@type":"ReadAction","target":["https:\/\/ubikare.top\/actualidad\/"]}]},{"@type":"ImageObject","inLanguage":"en-US","@id":"https:\/\/ubikare.top\/actualidad\/#primaryimage","url":"https:\/\/ubikare.top\/wp-content\/uploads\/imagen-portada-actualidad.png","contentUrl":"https:\/\/ubikare.top\/wp-content\/uploads\/imagen-portada-actualidad.png"},{"@type":"BreadcrumbList","@id":"https:\/\/ubikare.top\/actualidad\/#breadcrumb","itemListElement":[{"@type":"ListItem","position":1,"name":"Portada","item":"https:\/\/ubikare.top\/"},{"@type":"ListItem","position":2,"name":"ACTUALIDAD"}]},{"@type":"WebSite","@id":"http:\/\/ubikare.top\/en\/#website","url":"http:\/\/ubikare.top\/en\/","name":"Ubikare","description":"El Software Sociosanitario para gestores, profesionales, cuidadores y familias","publisher":{"@id":"http:\/\/ubikare.top\/en\/#organization"},"potentialAction":[{"@type":"SearchAction","target":{"@type":"EntryPoint","urlTemplate":"http:\/\/ubikare.top\/en\/?s={search_term_string}"},"query-input":{"@type":"PropertyValueSpecification","valueRequired":true,"valueName":"search_term_string"}}],"inLanguage":"en-US"},{"@type":"Organization","@id":"http:\/\/ubikare.top\/en\/#organization","name":"Ubikare","url":"http:\/\/ubikare.top\/en\/","logo":{"@type":"ImageObject","inLanguage":"en-US","@id":"http:\/\/ubikare.top\/en\/#\/schema\/logo\/image\/","url":"https:\/\/ubikare.top\/wp-content\/uploads\/cropped-LOGO-OSCURO-scaled-1.png","contentUrl":"https:\/\/ubikare.top\/wp-content\/uploads\/cropped-LOGO-OSCURO-scaled-1.png","width":2560,"height":413,"caption":"Ubikare"},"image":{"@id":"http:\/\/ubikare.top\/en\/#\/schema\/logo\/image\/"}}]}},"uagb_featured_image_src":{"full":false,"thumbnail":false,"medium":false,"medium_large":false,"large":false,"1536x1536":false,"2048x2048":false,"trp-custom-language-flag":false},"uagb_author_info":{"display_name":"Maria Arrojo","author_link":"https:\/\/ubikare.top\/en\/blog\/author\/marrojo\/"},"uagb_comment_info":0,"uagb_excerpt":null,"_links":{"self":[{"href":"https:\/\/ubikare.top\/en\/wp-json\/wp\/v2\/pages\/4208","targetHints":{"allow":["GET"]}}],"collection":[{"href":"https:\/\/ubikare.top\/en\/wp-json\/wp\/v2\/pages"}],"about":[{"href":"https:\/\/ubikare.top\/en\/wp-json\/wp\/v2\/types\/page"}],"author":[{"embeddable":true,"href":"https:\/\/ubikare.top\/en\/wp-json\/wp\/v2\/users\/15"}],"replies":[{"embeddable":true,"href":"https:\/\/ubikare.top\/en\/wp-json\/wp\/v2\/comments?post=4208"}],"version-history":[{"count":0,"href":"https:\/\/ubikare.top\/en\/wp-json\/wp\/v2\/pages\/4208\/revisions"}],"wp:attachment":[{"href":"https:\/\/ubikare.top\/en\/wp-json\/wp\/v2\/media?parent=4208"}],"curies":[{"name":"wp","href":"https:\/\/api.w.org\/{rel}","templated":true}]}}